{"id":3378,"date":"2022-02-18T01:19:29","date_gmt":"2022-02-18T00:19:29","guid":{"rendered":"https:\/\/dalmatia-infinity.com\/o-nas\/"},"modified":"2024-05-14T15:02:14","modified_gmt":"2024-05-14T13:02:14","slug":"o-nas","status":"publish","type":"page","link":"https:\/\/dalmatia-infinity.com\/pl\/o-nas\/","title":{"rendered":"O NAS"},"content":{"rendered":"\t\t<div data-elementor-type=\"wp-page\" data-elementor-id=\"3378\" class=\"elementor elementor-3378 elementor-1160\" data-elementor-post-type=\"page\">\n\t\t\t\t\t\t<section class=\"elementor-section elementor-top-section elementor-element elementor-element-8842e73 elementor-section-height-min-height elementor-section-full_width elementor-section-height-default elementor-section-items-middle elementor-invisible\" data-id=\"8842e73\" data-element_type=\"section\" data-settings=\"{&quot;background_background&quot;:&quot;classic&quot;,&quot;animation&quot;:&quot;fadeInLeft&quot;}\">\n\t\t\t\t\t\t<div class=\"elementor-container elementor-column-gap-default\">\n\t\t\t\t\t<div class=\"elementor-column elementor-col-100 elementor-top-column elementor-element elementor-element-02538be\" data-id=\"02538be\" data-element_type=\"column\">\n\t\t\t<div class=\"elementor-widget-wrap elementor-element-populated\">\n\t\t\t\t\t\t<div class=\"elementor-element elementor-element-765355f animated-slow elementor-invisible elementor-widget elementor-widget-heading\" data-id=\"765355f\" data-element_type=\"widget\" data-settings=\"{&quot;_animation&quot;:&quot;fadeInLeft&quot;}\" data-widget_type=\"heading.default\">\n\t\t\t\t<div class=\"elementor-widget-container\">\n\t\t\t\t\t<h2 class=\"elementor-heading-title elementor-size-default\">O NAS<\/h2>\t\t\t\t<\/div>\n\t\t\t\t<\/div>\n\t\t\t\t<div class=\"elementor-element elementor-element-b9aff19 animated-slow elementor-invisible elementor-widget elementor-widget-heading\" data-id=\"b9aff19\" data-element_type=\"widget\" data-settings=\"{&quot;_animation&quot;:&quot;fadeInLeft&quot;,&quot;_animation_delay&quot;:500}\" data-widget_type=\"heading.default\">\n\t\t\t\t<div class=\"elementor-widget-container\">\n\t\t\t\t\t<h2 class=\"elementor-heading-title elementor-size-default\">Dalmatia Infinity<\/h2>\t\t\t\t<\/div>\n\t\t\t\t<\/div>\n\t\t\t\t<div class=\"elementor-element elementor-element-9a1d578 animated-slow elementor-widget__width-inherit elementor-fixed elementor-invisible elementor-widget elementor-widget-button\" data-id=\"9a1d578\" data-element_type=\"widget\" data-settings=\"{&quot;_animation&quot;:&quot;fadeInRight&quot;,&quot;_animation_delay&quot;:5000,&quot;_position&quot;:&quot;fixed&quot;}\" data-widget_type=\"button.default\">\n\t\t\t\t<div class=\"elementor-widget-container\">\n\t\t\t\t\t\t\t\t\t<div class=\"elementor-button-wrapper\">\n\t\t\t\t\t<a class=\"elementor-button elementor-button-link elementor-size-sm elementor-animation-shrink\" href=\"https:\/\/blp.my-rent.net\/11bbc5b7-d486-11ee-bcca-00505640e080\" target=\"_blank\">\n\t\t\t\t\t\t<span class=\"elementor-button-content-wrapper\">\n\t\t\t\t\t\t\t\t\t<span class=\"elementor-button-text\">Rezerwuj teraz<\/span>\n\t\t\t\t\t<\/span>\n\t\t\t\t\t<\/a>\n\t\t\t\t<\/div>\n\t\t\t\t\t\t\t\t<\/div>\n\t\t\t\t<\/div>\n\t\t\t\t\t<\/div>\n\t\t<\/div>\n\t\t\t\t\t<\/div>\n\t\t<\/section>\n\t\t\t\t<section class=\"elementor-section elementor-top-section elementor-element elementor-element-026617e elementor-section-full_width elementor-section-height-default elementor-section-height-default\" data-id=\"026617e\" data-element_type=\"section\" data-settings=\"{&quot;background_background&quot;:&quot;classic&quot;}\">\n\t\t\t\t\t\t<div class=\"elementor-container elementor-column-gap-default\">\n\t\t\t\t\t<div class=\"elementor-column elementor-col-100 elementor-top-column elementor-element elementor-element-c1a0d5c\" data-id=\"c1a0d5c\" data-element_type=\"column\" data-settings=\"{&quot;background_background&quot;:&quot;classic&quot;}\">\n\t\t\t<div class=\"elementor-widget-wrap elementor-element-populated\">\n\t\t\t\t\t\t<div class=\"elementor-element elementor-element-e58c2c4 elementor-widget-divider--view-line_text elementor-widget-divider--element-align-center elementor-invisible elementor-widget elementor-widget-divider\" data-id=\"e58c2c4\" data-element_type=\"widget\" data-settings=\"{&quot;_animation&quot;:&quot;fadeInUp&quot;}\" data-widget_type=\"divider.default\">\n\t\t\t\t<div class=\"elementor-widget-container\">\n\t\t\t\t\t\t\t<div class=\"elementor-divider\">\n\t\t\t<span class=\"elementor-divider-separator\">\n\t\t\t\t\t\t\t<h3 class=\"elementor-divider__text elementor-divider__element\">\n\t\t\t\tDalmatia Infinity\t\t\t\t<\/h3>\n\t\t\t\t\t\t<\/span>\n\t\t<\/div>\n\t\t\t\t\t\t<\/div>\n\t\t\t\t<\/div>\n\t\t\t\t\t<\/div>\n\t\t<\/div>\n\t\t\t\t\t<\/div>\n\t\t<\/section>\n\t\t\t\t<section class=\"elementor-section elementor-top-section elementor-element elementor-element-bf19fb3 elementor-section-boxed elementor-section-height-default elementor-section-height-default\" data-id=\"bf19fb3\" data-element_type=\"section\">\n\t\t\t\t\t\t<div class=\"elementor-container elementor-column-gap-default\">\n\t\t\t\t\t<div class=\"elementor-column elementor-col-100 elementor-top-column elementor-element elementor-element-89addda\" data-id=\"89addda\" data-element_type=\"column\">\n\t\t\t<div class=\"elementor-widget-wrap elementor-element-populated\">\n\t\t\t\t\t\t<div class=\"elementor-element elementor-element-659c38d elementor-invisible elementor-widget elementor-widget-text-editor\" data-id=\"659c38d\" data-element_type=\"widget\" data-settings=\"{&quot;_animation&quot;:&quot;fadeInUp&quot;}\" data-widget_type=\"text-editor.default\">\n\t\t\t\t<div class=\"elementor-widget-container\">\n\t\t\t\t\t\t\t\t\t<p>Apartamenty Dalmatia Infnity zosta\u0142y zbudowane w 2017. roku przez rodzin\u0119 z wieloletnim do\u015bwiadczeniem w turystyce. Znajduj\u0105 si\u0119 one w \u015blepej uliczce wzd\u0142u\u017c pi\u0119knej \u017cwirowej pla\u017cy z du\u017c\u0105 ilo\u015bci\u0105 cienia, kt\u00f3ra jest idealna dla dzieci i doros\u0142ych.<\/p>\n<p>W Dalmatia Infinity znajduje si\u0119 sze\u015b\u0107 apartament\u00f3w o r\u00f3\u017cnej wielko\u015bci, od 50m2 do 90m2. Ich nazwa pochodzi od pi\u0119knych park\u00f3w narodowych Republiki Chorwacji i miasta Zadar.<\/p>\n<p>Niedaleko od apartamentu znajduje si\u0119 centrum miasta oraz wiele restauracji, bar\u00f3w i sklep\u00f3w.<\/p>\n<p>Go\u015bcie lubi\u0105cy aktywny wypoczynek maj\u0105 r\u00f3wnie\u017c do dyspozycji bezp\u0142atne rowery .<\/p>\n<p>Lokalizacja apartament\u00f3w jest doskona\u0142a, poniewa\u017c w odleg\u0142o\u015bci od 30 minut do 2 godzin jazdy mo\u017cna zobaczy\u0107 jedne z najpi\u0119kniejszych zak\u0105tk\u00f3w Chorwacji, pocz\u0105wszy od Zadaru, Ninu, \u0160ibenika do park\u00f3w narodowych i park\u00f3w przyrody, takich jak PN Krka, PN Jezior Plitwickich, PN Paklenica, PN Kornati. Lotnisko w Zadarze oddalone jest o oko\u0142o 6 km, a prom oddalony jest o oko\u0142o 1 km. W Dalmatia Infinity czekaj\u0105 na Pa\u0144stwa poranki wype\u0142nione \u015bpiewem ptak\u00f3w, a zach\u00f3d s\u0142o\u0144ca kt\u00f3ry roz\u015bwietla morze tysi\u0105cami kolor\u00f3w, sprawi \u017ce Wasze wakacje b\u0119d\u0105 niezapomniane.<\/p>\n\t\t\t\t\t\t\t\t<\/div>\n\t\t\t\t<\/div>\n\t\t\t\t\t<\/div>\n\t\t<\/div>\n\t\t\t\t\t<\/div>\n\t\t<\/section>\n\t\t\t\t<section class=\"elementor-section elementor-top-section elementor-element elementor-element-ac0fb74 elementor-section-boxed elementor-section-height-default elementor-section-height-default\" data-id=\"ac0fb74\" data-element_type=\"section\" data-settings=\"{&quot;background_background&quot;:&quot;classic&quot;}\">\n\t\t\t\t\t\t\t<div class=\"elementor-background-overlay\"><\/div>\n\t\t\t\t\t\t\t<div class=\"elementor-container elementor-column-gap-default\">\n\t\t\t\t\t<div class=\"elementor-column elementor-col-100 elementor-top-column elementor-element elementor-element-fc638a7\" data-id=\"fc638a7\" data-element_type=\"column\">\n\t\t\t<div class=\"elementor-widget-wrap elementor-element-populated\">\n\t\t\t\t\t\t<div class=\"elementor-element elementor-element-1a78fc9 elementor-widget elementor-widget-heading\" data-id=\"1a78fc9\" data-element_type=\"widget\" data-widget_type=\"heading.default\">\n\t\t\t\t<div class=\"elementor-widget-container\">\n\t\t\t\t\t<h3 class=\"elementor-heading-title elementor-size-default\">Opinie go\u015bci<\/h3>\t\t\t\t<\/div>\n\t\t\t\t<\/div>\n\t\t\t\t<div class=\"elementor-element elementor-element-f542702 elementor-widget-divider--view-line elementor-widget elementor-widget-divider\" data-id=\"f542702\" data-element_type=\"widget\" data-widget_type=\"divider.default\">\n\t\t\t\t<div class=\"elementor-widget-container\">\n\t\t\t\t\t\t\t<div class=\"elementor-divider\">\n\t\t\t<span class=\"elementor-divider-separator\">\n\t\t\t\t\t\t<\/span>\n\t\t<\/div>\n\t\t\t\t\t\t<\/div>\n\t\t\t\t<\/div>\n\t\t\t\t<section class=\"elementor-section elementor-inner-section elementor-element elementor-element-01dd2dd elementor-section-boxed elementor-section-height-default elementor-section-height-default\" data-id=\"01dd2dd\" data-element_type=\"section\">\n\t\t\t\t\t\t<div class=\"elementor-container elementor-column-gap-default\">\n\t\t\t\t\t<div class=\"elementor-column elementor-col-50 elementor-inner-column elementor-element elementor-element-e3f94c2\" data-id=\"e3f94c2\" data-element_type=\"column\" data-settings=\"{&quot;background_background&quot;:&quot;classic&quot;}\">\n\t\t\t<div class=\"elementor-widget-wrap elementor-element-populated\">\n\t\t\t\t\t\t<div class=\"elementor-element elementor-element-d80cb27 elementor-hidden-phone elementor-view-default elementor-widget elementor-widget-icon\" data-id=\"d80cb27\" data-element_type=\"widget\" data-widget_type=\"icon.default\">\n\t\t\t\t<div class=\"elementor-widget-container\">\n\t\t\t\t\t\t\t<div class=\"elementor-icon-wrapper\">\n\t\t\t<div class=\"elementor-icon\">\n\t\t\t\t\t\t\t<i class=\"fa fa-quote-left\" aria-hidden=\"true\"><\/i>\n\t\t\t\t\t\t<\/div>\n\t\t<\/div>\n\t\t\t\t\t\t<\/div>\n\t\t\t\t<\/div>\n\t\t\t\t<div class=\"elementor-element elementor-element-8191597 elementor-position-left elementor-vertical-align-top elementor-widget elementor-widget-image-box\" data-id=\"8191597\" data-element_type=\"widget\" data-widget_type=\"image-box.default\">\n\t\t\t\t<div class=\"elementor-widget-container\">\n\t\t\t\t\t<div class=\"elementor-image-box-wrapper\"><figure class=\"elementor-image-box-img\"><img decoding=\"async\" width=\"64\" height=\"64\" src=\"https:\/\/dalmatia-infinity.com\/wp-content\/uploads\/2018\/02\/15615261.jpg\" class=\"attachment-full size-full wp-image-2185\" alt=\"\" \/><\/figure><div class=\"elementor-image-box-content\"><h3 class=\"elementor-image-box-title\">Very close to the best beach in Bibinje (approx 20 m). Very friendly hosts. The hosts own also Pizzernia Roko in Bibinje (the second best restaurant according to TripAdvisor), <br>so the apartments guests may get discount there.<\/h3><p class=\"elementor-image-box-description\">Radoslaw - Polska<\/p><\/div><\/div>\t\t\t\t<\/div>\n\t\t\t\t<\/div>\n\t\t\t\t\t<\/div>\n\t\t<\/div>\n\t\t\t\t<div class=\"elementor-column elementor-col-50 elementor-inner-column elementor-element elementor-element-ddad8f0\" data-id=\"ddad8f0\" data-element_type=\"column\" data-settings=\"{&quot;background_background&quot;:&quot;classic&quot;}\">\n\t\t\t<div class=\"elementor-widget-wrap elementor-element-populated\">\n\t\t\t\t\t\t<div class=\"elementor-element elementor-element-33dcaed elementor-hidden-phone elementor-view-default elementor-widget elementor-widget-icon\" data-id=\"33dcaed\" data-element_type=\"widget\" data-widget_type=\"icon.default\">\n\t\t\t\t<div class=\"elementor-widget-container\">\n\t\t\t\t\t\t\t<div class=\"elementor-icon-wrapper\">\n\t\t\t<div class=\"elementor-icon\">\n\t\t\t\t\t\t\t<i class=\"fa fa-quote-left\" aria-hidden=\"true\"><\/i>\n\t\t\t\t\t\t<\/div>\n\t\t<\/div>\n\t\t\t\t\t\t<\/div>\n\t\t\t\t<\/div>\n\t\t\t\t<div class=\"elementor-element elementor-element-3bff25a elementor-position-right elementor-vertical-align-top elementor-widget elementor-widget-image-box\" data-id=\"3bff25a\" data-element_type=\"widget\" data-widget_type=\"image-box.default\">\n\t\t\t\t<div class=\"elementor-widget-container\">\n\t\t\t\t\t<div class=\"elementor-image-box-wrapper\"><figure class=\"elementor-image-box-img\"><img decoding=\"async\" width=\"64\" height=\"64\" src=\"https:\/\/dalmatia-infinity.com\/wp-content\/uploads\/2018\/02\/nerethlands.jpg\" class=\"attachment-full size-full wp-image-2191\" alt=\"\" \/><\/figure><div class=\"elementor-image-box-content\"><h3 class=\"elementor-image-box-title\">Wauw! What a great place! The view, and the morning swim we had in the quiet sea....it was amazing! The appartment was brand new, and actually we were the first guests. So modern, and so cool that you can open the curtains with a remote control! <\/h3><p class=\"elementor-image-box-description\">Yke - Netherlands<\/p><\/div><\/div>\t\t\t\t<\/div>\n\t\t\t\t<\/div>\n\t\t\t\t\t<\/div>\n\t\t<\/div>\n\t\t\t\t\t<\/div>\n\t\t<\/section>\n\t\t\t\t\t<\/div>\n\t\t<\/div>\n\t\t\t\t\t<\/div>\n\t\t<\/section>\n\t\t\t\t<\/div>\n\t\t","protected":false},"excerpt":{"rendered":"<p>Dalmatia Infinity Rezerwuj teraz Dalmatia Infinity Apartamenty Dalmatia Infnity zosta\u0142y zbudowane w 2017. roku przez rodzin\u0119 z wieloletnim do\u015bwiadczeniem w turystyce. Znajduj\u0105 si\u0119 one w \u015blepej uliczce wzd\u0142u\u017c pi\u0119knej \u017cwirowej pla\u017cy z du\u017c\u0105 ilo\u015bci\u0105 cienia, kt\u00f3ra jest idealna dla dzieci i doros\u0142ych. W Dalmatia Infinity znajduje si\u0119 sze\u015b\u0107 apartament\u00f3w o r\u00f3\u017cnej wielko\u015bci, od 50m2 do &#8230; <a title=\"O NAS\" class=\"read-more\" href=\"https:\/\/dalmatia-infinity.com\/pl\/o-nas\/\" aria-label=\"More on O NAS\">Read more<\/a><\/p>\n","protected":false},"author":1,"featured_media":3587,"parent":0,"menu_order":0,"comment_status":"closed","ping_status":"closed","template":"","meta":{"_acf_changed":false,"_seopress_robots_primary_cat":"","_seopress_titles_title":"","_seopress_titles_desc":"","_seopress_robots_index":"","generate_page_header":"","footnotes":""},"class_list":["post-3378","page","type-page","status-publish","has-post-thumbnail"],"acf":[],"_links":{"self":[{"href":"https:\/\/dalmatia-infinity.com\/pl\/wp-json\/wp\/v2\/pages\/3378","targetHints":{"allow":["GET"]}}],"collection":[{"href":"https:\/\/dalmatia-infinity.com\/pl\/wp-json\/wp\/v2\/pages"}],"about":[{"href":"https:\/\/dalmatia-infinity.com\/pl\/wp-json\/wp\/v2\/types\/page"}],"author":[{"embeddable":true,"href":"https:\/\/dalmatia-infinity.com\/pl\/wp-json\/wp\/v2\/users\/1"}],"replies":[{"embeddable":true,"href":"https:\/\/dalmatia-infinity.com\/pl\/wp-json\/wp\/v2\/comments?post=3378"}],"version-history":[{"count":6,"href":"https:\/\/dalmatia-infinity.com\/pl\/wp-json\/wp\/v2\/pages\/3378\/revisions"}],"predecessor-version":[{"id":4398,"href":"https:\/\/dalmatia-infinity.com\/pl\/wp-json\/wp\/v2\/pages\/3378\/revisions\/4398"}],"wp:featuredmedia":[{"embeddable":true,"href":"https:\/\/dalmatia-infinity.com\/pl\/wp-json\/wp\/v2\/media\/3587"}],"wp:attachment":[{"href":"https:\/\/dalmatia-infinity.com\/pl\/wp-json\/wp\/v2\/media?parent=3378"}],"curies":[{"name":"wp","href":"https:\/\/api.w.org\/{rel}","templated":true}]}}